{"id":14764,"date":"2025-05-28T21:52:54","date_gmt":"2025-05-28T21:52:54","guid":{"rendered":"https:\/\/yachtsmembership.com\/?post_type=product&#038;p=14764"},"modified":"2025-05-28T21:52:54","modified_gmt":"2025-05-28T21:52:54","slug":"charter-a-35-person-cantieri-di-pisa-motor-yacht-in-reykjavik-iceland","status":"publish","type":"product","link":"https:\/\/yachtsmembership.com\/es\/boats\/charter-a-35-person-cantieri-di-pisa-motor-yacht-in-reykjavik-iceland\/","title":{"rendered":"Alquile un yate a motor Cantieri di Pisa para 35 personas en Reikiavik, Islandia"},"content":{"rendered":"<p>\u00a1Incre\u00edble yate a motor Cantieri di Pisa para 35 personas en alquiler! Desde 1105 \u20ac por hora. Ofrecemos tours a medida seg\u00fan las preferencias de nuestros clientes. Nuestra embarcaci\u00f3n est\u00e1 totalmente equipada y tiene licencia para alojar a seis hu\u00e9spedes en cruceros nocturnos y m\u00e1s largos, y hasta 35 personas en cruceros cortos y excursiones de un d\u00eda. Especificaciones: \u2022 Constructor: Cantieri di Pisa \u2022 Eslora: 21 m \u2022 Manga: 5,8 m \u2022 M\u00e1ximo de pasajeros: 35 \u2022 Velocidad: 24 millas n\u00e1uticas \u2022 3 camarotes para 6 hu\u00e9spedes \u2022 3 ba\u00f1os \u2022 Cocina \u2022 Fly-bridge. Nos encontramos en Reikiavik, en el antiguo puerto de Su\u00f0urbugt, 101 Reikiavik. Tours: ofrecemos una amplia gama de tours preplanificados y ayudamos a nuestros clientes a planificar sus propios tours de ensue\u00f1o. Excursiones m\u00e1s largas \u2022 Jokulfirdir \u2022 Breidafjordur \u2022 Excursiones de un d\u00eda 5 estrellas en el C\u00edrculo Dorado \u2022 Excursiones tem\u00e1ticas \u2022 Excursiones nocturnas \u2022 Reikiavik desde el mar \u2022 Desde el muelle \u2022 Pesca en el mar \u2022 Avistamiento de ballenas. Si tiene alguna pregunta, podemos responderla a trav\u00e9s de la plataforma de mensajer\u00eda de GetMyBoat antes de pagar. Simplemente haga clic en &quot;Solicitar reserva&quot; y env\u00edenos una consulta para obtener una oferta personalizada.<\/p>","protected":false},"excerpt":{"rendered":"<p>Amazing 35 person Cantieri di Pisa motor yacht for charter! Starting at \u20ac1105 per hour. We custom yacht tours tailored to our customer&#8217;s wishes. Our vessel is a fully equipped yacht, licensed to accommodate six guests for overnight and longer cruises and up to 35 people for shorter cruises and day tours. Specification \u2022 Builder: [&hellip;]<\/p>\n","protected":false},"featured_media":14765,"comment_status":"open","ping_status":"closed","template":"","meta":[],"product_brand":[],"product_cat":[231,232],"product_tag":[],"class_list":{"0":"post-14764","1":"product","2":"type-product","3":"status-publish","4":"has-post-thumbnail","6":"product_cat-iceland","7":"product_cat-reykjavik","10":"instock","11":"shipping-taxable","12":"product-type-simple","13":"product-grid-view"},"_links":{"self":[{"href":"https:\/\/yachtsmembership.com\/es\/wp-json\/wp\/v2\/product\/14764","targetHints":{"allow":["GET"]}}],"collection":[{"href":"https:\/\/yachtsmembership.com\/es\/wp-json\/wp\/v2\/product"}],"about":[{"href":"https:\/\/yachtsmembership.com\/es\/wp-json\/wp\/v2\/types\/product"}],"replies":[{"embeddable":true,"href":"https:\/\/yachtsmembership.com\/es\/wp-json\/wp\/v2\/comments?post=14764"}],"wp:featuredmedia":[{"embeddable":true,"href":"https:\/\/yachtsmembership.com\/es\/wp-json\/wp\/v2\/media\/14765"}],"wp:attachment":[{"href":"https:\/\/yachtsmembership.com\/es\/wp-json\/wp\/v2\/media?parent=14764"}],"wp:term":[{"taxonomy":"product_brand","embeddable":true,"href":"https:\/\/yachtsmembership.com\/es\/wp-json\/wp\/v2\/product_brand?post=14764"},{"taxonomy":"product_cat","embeddable":true,"href":"https:\/\/yachtsmembership.com\/es\/wp-json\/wp\/v2\/product_cat?post=14764"},{"taxonomy":"product_tag","embeddable":true,"href":"https:\/\/yachtsmembership.com\/es\/wp-json\/wp\/v2\/product_tag?post=14764"}],"curies":[{"name":"wp","href":"https:\/\/api.w.org\/{rel}","templated":true}]}}