{"id":14772,"date":"2025-05-28T21:54:32","date_gmt":"2025-05-28T21:54:32","guid":{"rendered":"https:\/\/yachtsmembership.com\/?post_type=product&#038;p=14772"},"modified":"2025-05-28T21:54:32","modified_gmt":"2025-05-28T21:54:32","slug":"discover-the-underwater-landscape-of-reykjavik-iceland","status":"publish","type":"product","link":"https:\/\/yachtsmembership.com\/es\/boats\/discover-the-underwater-landscape-of-reykjavik-iceland\/","title":{"rendered":"Descubre el paisaje submarino de Reikiavik, Islandia"},"content":{"rendered":"<p>\u00a1Vive una aventura submarina en estos lugares de buceo en Reikiavik, Islandia! Reserva esta aventura de buceo por tan solo 44.990 ISK por persona durante 8 horas. La fisura de Silfra, en el Parque Nacional de \u00deingvellir, es un lugar fant\u00e1stico para bucear gracias a su incre\u00edble visibilidad y paisaje submarino. El agua de Silfra proviene del deshielo del segundo glaciar m\u00e1s grande de Islandia, Langj\u00f6kull. El glaciar est\u00e1 a 50 kil\u00f3metros de distancia, y el agua viaja durante m\u00e1s de 30 a\u00f1os a trav\u00e9s de los campos de lava antes de desembocar en el r\u00edo Silfra. Este proceso de filtraci\u00f3n hace que el agua de Silfra sea lo m\u00e1s cristalina posible. Los buceadores experimentan una visibilidad de m\u00e1s de 100 metros y pueden beber el agua durante sus inmersiones. Los buceadores bucear\u00e1n entre continentes porque la fisura de Silfra es el resultado de la separaci\u00f3n de las placas continentales americana y euroasi\u00e1tica. Antes de equiparse, su gu\u00eda los acompa\u00f1ar\u00e1 a la plataforma y les dar\u00e1 una charla informativa sobre el buceo. Como la temperatura del agua est\u00e1 entre 2 \u00b0C y 4 \u00b0C, las inmersiones se realizan con traje seco. Si nunca has buceado con traje seco, tu gu\u00eda te ense\u00f1ar\u00e1 a usarlo. Tras la primera inmersi\u00f3n, te ofreceremos caf\u00e9 y un refrigerio antes de la segunda. El tour dura entre 6 y 8 horas. Se proporciona todo el equipo necesario, incluyendo ropa interior que te mantendr\u00e1 abrigado y c\u00f3modo bajo el traje seco. Precio: 44.990 ISK *No se permiten menores de 18 a\u00f1os en este tour. Si tienes alguna pregunta, podemos responderla a trav\u00e9s de la plataforma de mensajer\u00eda de GetMyBoat antes de pagar. Simplemente haz clic en &quot;Solicitar reserva&quot; y env\u00edanos una consulta para obtener una oferta personalizada.<\/p>","protected":false},"excerpt":{"rendered":"<p>Have an Underwater Adventure at these\u00a0Scuba Diving\u00a0Spots in\u00a0Reykjav\u00edk, Iceland! Book this diving adventure for as low\u00a044.990\u00a0ISK per person for 8 hours. The Silfra fissure in \u00deingvellir National Park is a great place to dive in because of it is incredible visibility and underwater landscape. The water of Silfra is melt water from Iceland\u2018s second largest [&hellip;]<\/p>\n","protected":false},"featured_media":14773,"comment_status":"open","ping_status":"closed","template":"","meta":[],"product_brand":[],"product_cat":[231,232],"product_tag":[],"class_list":{"0":"post-14772","1":"product","2":"type-product","3":"status-publish","4":"has-post-thumbnail","6":"product_cat-iceland","7":"product_cat-reykjavik","10":"instock","11":"shipping-taxable","12":"product-type-simple","13":"product-grid-view"},"_links":{"self":[{"href":"https:\/\/yachtsmembership.com\/es\/wp-json\/wp\/v2\/product\/14772","targetHints":{"allow":["GET"]}}],"collection":[{"href":"https:\/\/yachtsmembership.com\/es\/wp-json\/wp\/v2\/product"}],"about":[{"href":"https:\/\/yachtsmembership.com\/es\/wp-json\/wp\/v2\/types\/product"}],"replies":[{"embeddable":true,"href":"https:\/\/yachtsmembership.com\/es\/wp-json\/wp\/v2\/comments?post=14772"}],"wp:featuredmedia":[{"embeddable":true,"href":"https:\/\/yachtsmembership.com\/es\/wp-json\/wp\/v2\/media\/14773"}],"wp:attachment":[{"href":"https:\/\/yachtsmembership.com\/es\/wp-json\/wp\/v2\/media?parent=14772"}],"wp:term":[{"taxonomy":"product_brand","embeddable":true,"href":"https:\/\/yachtsmembership.com\/es\/wp-json\/wp\/v2\/product_brand?post=14772"},{"taxonomy":"product_cat","embeddable":true,"href":"https:\/\/yachtsmembership.com\/es\/wp-json\/wp\/v2\/product_cat?post=14772"},{"taxonomy":"product_tag","embeddable":true,"href":"https:\/\/yachtsmembership.com\/es\/wp-json\/wp\/v2\/product_tag?post=14772"}],"curies":[{"name":"wp","href":"https:\/\/api.w.org\/{rel}","templated":true}]}}