{"id":14793,"date":"2025-05-28T23:17:56","date_gmt":"2025-05-28T23:17:56","guid":{"rendered":"https:\/\/yachtsmembership.com\/?post_type=product&#038;p=14793"},"modified":"2025-06-05T20:13:41","modified_gmt":"2025-06-05T20:13:41","slug":"whale-watching-tour-in-husavik","status":"publish","type":"product","link":"https:\/\/yachtsmembership.com\/es\/boats\/whale-watching-tour-in-husavik\/","title":{"rendered":"Tour de avistamiento de ballenas en H\u00fasav\u00edk"},"content":{"rendered":"<p>AVISTAMIENTO DE BALLENAS EN ISLANDIA H\u00fasav\u00edk es conocida como la capital de las ballenas de Islandia y se encuentra en la parte norte del pa\u00eds, en la costa este de la bah\u00eda de Skjalfandi. Duraci\u00f3n del tour: Nuestro tour de avistamiento de ballenas tiene una duraci\u00f3n de aproximadamente 2 horas en el mar, dependiendo de las condiciones clim\u00e1ticas y otros factores. Incluye: Proporcionamos a todos nuestros pasajeros trajes de flotaci\u00f3n c\u00e1lidos y chalecos de seguridad. Nuestros gu\u00edas son experimentados, hablan ingl\u00e9s y son apasionados por las ballenas en su entorno natural. Experimente a las ballenas en su entorno natural. Acerca del barco Contamos con un barco RIB - Kr\u00eda con capacidad para 12 pasajeros, con un gu\u00eda experto en avistamiento de ballenas y un capit\u00e1n a bordo. Nuestros capitanes tienen muchos a\u00f1os de experiencia navegando en la bah\u00eda de Skjalfandi. Nos enfocamos en tours para grupos peque\u00f1os, por lo que no habr\u00e1 competencia por la mejor vista a bordo. Nuestro enfoque y reputaci\u00f3n centrados en el pasajero le asegurar\u00e1n la mejor experiencia y seguridad a bordo. Nuestra misi\u00f3n es crear una experiencia inolvidable para nuestros pasajeros mostr\u00e1ndoles la naturaleza en todo su esplendor. PRECIO Adultos: 18000 ISK por persona. Ni\u00f1os de 8 a 15 a\u00f1os: 12\u00a0500 ISK por persona (edad m\u00ednima: 8 a\u00f1os). Si tiene alguna pregunta, podemos responderla a trav\u00e9s de la plataforma de mensajer\u00eda de GetMyBoat antes de pagar. Simplemente haga clic en &quot;Solicitar reserva&quot; y env\u00edenos una consulta para obtener una oferta personalizada.<\/p>","protected":false},"excerpt":{"rendered":"<p>WHALE WATCHING TOUR\u00a0ICELAND Husavik is known as the Whale Capital of Iceland and is located in the northern part of the country on the eastern shore of Skjalfandi Bay. Tour Duration: Our whale watching tour lasts for about 2 hours on sea depending on weather conditions and other factors. Included: We provide all our passengers [&hellip;]<\/p>\n","protected":false},"featured_media":14794,"comment_status":"open","ping_status":"closed","template":"","meta":[],"product_brand":[],"product_cat":[231,355],"product_tag":[],"class_list":{"0":"post-14793","1":"product","2":"type-product","3":"status-publish","4":"has-post-thumbnail","6":"product_cat-iceland","7":"product_cat-iceland-iceland","10":"instock","11":"shipping-taxable","12":"product-type-simple","13":"product-grid-view"},"_links":{"self":[{"href":"https:\/\/yachtsmembership.com\/es\/wp-json\/wp\/v2\/product\/14793","targetHints":{"allow":["GET"]}}],"collection":[{"href":"https:\/\/yachtsmembership.com\/es\/wp-json\/wp\/v2\/product"}],"about":[{"href":"https:\/\/yachtsmembership.com\/es\/wp-json\/wp\/v2\/types\/product"}],"replies":[{"embeddable":true,"href":"https:\/\/yachtsmembership.com\/es\/wp-json\/wp\/v2\/comments?post=14793"}],"wp:featuredmedia":[{"embeddable":true,"href":"https:\/\/yachtsmembership.com\/es\/wp-json\/wp\/v2\/media\/14794"}],"wp:attachment":[{"href":"https:\/\/yachtsmembership.com\/es\/wp-json\/wp\/v2\/media?parent=14793"}],"wp:term":[{"taxonomy":"product_brand","embeddable":true,"href":"https:\/\/yachtsmembership.com\/es\/wp-json\/wp\/v2\/product_brand?post=14793"},{"taxonomy":"product_cat","embeddable":true,"href":"https:\/\/yachtsmembership.com\/es\/wp-json\/wp\/v2\/product_cat?post=14793"},{"taxonomy":"product_tag","embeddable":true,"href":"https:\/\/yachtsmembership.com\/es\/wp-json\/wp\/v2\/product_tag?post=14793"}],"curies":[{"name":"wp","href":"https:\/\/api.w.org\/{rel}","templated":true}]}}