{"id":14805,"date":"2025-05-29T19:47:10","date_gmt":"2025-05-29T19:47:10","guid":{"rendered":"https:\/\/yachtsmembership.com\/?post_type=product&#038;p=14805"},"modified":"2025-06-06T19:57:58","modified_gmt":"2025-06-06T19:57:58","slug":"catamaran-lagoon-380-with-crew-in-le-cratere-marina-nosy-be-madagascar","status":"publish","type":"product","link":"https:\/\/yachtsmembership.com\/es\/boats\/catamaran-lagoon-380-with-crew-in-le-cratere-marina-nosy-be-madagascar\/","title":{"rendered":"Catamar\u00e1n Lagoon 380 con tripulaci\u00f3n en le crat\u00e8re marina, Nosy Be, Madagascar"},"content":{"rendered":"<p>El SEA SPIRIT Nosy Be es un catamar\u00e1n LAGOON 380 del 2002, en muy buen estado. Ofrece la m\u00e1xima comodidad para 6 pasajeros (2 en 2 camarotes dobles y 1 en 2 individuales). El catamar\u00e1n puede transportar hasta 8 pasajeros en cruceros privados sin buceo. Aceptamos reservas para un m\u00ednimo de 4 pasajeros y 5 d\u00edas de crucero (4 noches a bordo) y un m\u00e1ximo de 8 pasajeros (6 en cruceros de buceo) y 12 d\u00edas. El equipo de pesca y snorkel est\u00e1 disponible gratuitamente a bordo. Visite las islas m\u00e1s hermosas, observe la fauna local en \u00e1reas naturales preservadas y bucee junto a tiburones, barracudas, atunes y tiburones ballena entre octubre y diciembre. Si tiene alguna pregunta, podemos responderla a trav\u00e9s de la plataforma de mensajer\u00eda de GetMyBoat antes de pagar. Simplemente haga clic en &quot;Enviar consulta&quot; y env\u00edenos una solicitud para una oferta personalizada.<\/p>","protected":false},"excerpt":{"rendered":"<p>SEA SPIRIT Nosy Be is a 2002 LAGOON 380 catamaran very well maintained. It offers best comfort for 6 passengers (2 passengers in 2 double cabins, 1 passenger in 2 single cabins). The catamaran can carry up to 8 passengers during private cruises without scuba diving. We accept booking for minimum 4 passengers and 5 [&hellip;]<\/p>\n","protected":false},"featured_media":14806,"comment_status":"open","ping_status":"closed","template":"","meta":[],"product_brand":[],"product_cat":[100],"product_tag":[],"class_list":{"0":"post-14805","1":"product","2":"type-product","3":"status-publish","4":"has-post-thumbnail","6":"product_cat-madagascar","9":"instock","10":"shipping-taxable","11":"product-type-simple","12":"product-grid-view"},"_links":{"self":[{"href":"https:\/\/yachtsmembership.com\/es\/wp-json\/wp\/v2\/product\/14805","targetHints":{"allow":["GET"]}}],"collection":[{"href":"https:\/\/yachtsmembership.com\/es\/wp-json\/wp\/v2\/product"}],"about":[{"href":"https:\/\/yachtsmembership.com\/es\/wp-json\/wp\/v2\/types\/product"}],"replies":[{"embeddable":true,"href":"https:\/\/yachtsmembership.com\/es\/wp-json\/wp\/v2\/comments?post=14805"}],"wp:featuredmedia":[{"embeddable":true,"href":"https:\/\/yachtsmembership.com\/es\/wp-json\/wp\/v2\/media\/14806"}],"wp:attachment":[{"href":"https:\/\/yachtsmembership.com\/es\/wp-json\/wp\/v2\/media?parent=14805"}],"wp:term":[{"taxonomy":"product_brand","embeddable":true,"href":"https:\/\/yachtsmembership.com\/es\/wp-json\/wp\/v2\/product_brand?post=14805"},{"taxonomy":"product_cat","embeddable":true,"href":"https:\/\/yachtsmembership.com\/es\/wp-json\/wp\/v2\/product_cat?post=14805"},{"taxonomy":"product_tag","embeddable":true,"href":"https:\/\/yachtsmembership.com\/es\/wp-json\/wp\/v2\/product_tag?post=14805"}],"curies":[{"name":"wp","href":"https:\/\/api.w.org\/{rel}","templated":true}]}}