{"id":14825,"date":"2025-05-29T19:52:50","date_gmt":"2025-05-29T19:52:50","guid":{"rendered":"https:\/\/yachtsmembership.com\/?post_type=product&#038;p=14825"},"modified":"2025-06-06T19:57:39","modified_gmt":"2025-06-06T19:57:39","slug":"premium-madagascar-fishing-trips-expert-skippers-fully-equipped-boat-in-nosy-be","status":"publish","type":"product","link":"https:\/\/yachtsmembership.com\/es\/boats\/premium-madagascar-fishing-trips-expert-skippers-fully-equipped-boat-in-nosy-be\/","title":{"rendered":"Excursiones de pesca premium en Madagascar: patrones expertos y barco totalmente equipado en Nosy Be"},"content":{"rendered":"<p>\u00bfBuscas una experiencia de pesca aut\u00e9ntica y emocionante? Vis\u00edtanos en Nosy Be, Madagascar, y te llevaremos al lugar de pesca m\u00e1s espectacular de la isla a bordo de nuestro barco de pesca Semecabinato de 34 pies con capacidad para 5 personas. Tarifas desde 800 \u20ac al d\u00eda para viajes a menos de 30 millas. Las tarifas incluyen refrigerios a bordo y no incluyen el equipo de pesca. Si deseas pescar varios d\u00edas en el mar, podemos permit\u00edrtelo si lo solicitas. Alquilamos un catamar\u00e1n de nuestro equipo de soporte, que te servir\u00e1 para pernoctar y comer. Para m\u00e1s informaci\u00f3n, no dudes en contactarnos. Tarifas: D\u00eda completo (5 personas) \u2022 Dentro de 30 millas: 800 \u20ac \u2022 M\u00e1s de 30 millas: 1.000 \u20ac Qu\u00e9 puede esperar: Con los barcos mejor equipados y patrones expertos del lugar, todos los d\u00edas puede pasar maravillosos d\u00edas de pesca: trolling costero y de altura, bolentino profundo y ligero, jigging a la deriva, con una diversidad de presas incre\u00edbles como barracudas, atunes amarillos, at\u00fan &quot;dientes de perro&quot;, bonito, lampughe, travelly gigante, wahoos, pez verde (lubina), dent\u00f3n, diferentes calidades de gar\u00e1ngidos, mero, capit\u00e1n, pargo rojo, tiburones, pez vela y finalmente puede observar el paso del marl\u00edn negro. Adem\u00e1s de las fabulosas horas de pesca, pasar\u00e1 d\u00edas inolvidables a bordo para descubrir las islas m\u00e1s hermosas del archipi\u00e9lago de Nosy Be. Sus excursiones de pesca se realizar\u00e1n en el hermoso archipi\u00e9lago de Nosy Be, en el norte de Madagascar, entre las diversas islas que adornan el Oc\u00e9ano \u00cdndico, uno de los oc\u00e9anos m\u00e1s hermosos y ricos en peces del mundo. Todo ello en compa\u00f1\u00eda de nuestros experimentados patrones, conocidos por su alegr\u00eda y hospitalidad innatas, que les mostrar\u00e1n las innumerables islas y les asesorar\u00e1n sobre las diferentes t\u00e9cnicas de pesca. Adem\u00e1s, nuestro centro en el archipi\u00e9lago de Mitsiu est\u00e1 en construcci\u00f3n, con nuestros bungalows, donde podr\u00e1n pasar una semana de aut\u00e9ntico relax, en perfecta soledad (salvo algunos pescadores ind\u00edgenas) y pescar en un mar cristalino. Finalmente, podr\u00e1n realizar excursiones en catamar\u00e1n o velero por el archipi\u00e9lago con pensi\u00f3n completa. Qu\u00e9 esperar a bordo: Pescaremos a bordo de nuestro barco pesquero Semicabinato de 34 pies, con capacidad para 5 pescadores y 2 patrones. Est\u00e1 propulsado por dos motores Suzuki de 200 CV y es ideal para excursiones en aguas malgaches. Todas nuestras embarcaciones est\u00e1n equipadas con el mejor equipamiento del mercado y cumplen con los est\u00e1ndares de seguridad m\u00e1s exigentes. Especificaciones \u2022 Marca: Semicabinato \u2022 Eslora: 10,50 m \u2022 Motor: Suzuki Twin de 200 CV \u2022 Capacidad: 5 pescadores + 2 tripulantes \u2022 Tripulaci\u00f3n: 2 patrones. Para quienes deseen disfrutar de d\u00edas emocionantes a bordo de nuestras embarcaciones, tambi\u00e9n disponemos de 3 barcos Fisherman completamente nuevos, con consola central abierta de 7,5 m, propulsados por un motor Suzuki de 140 CV. Si tiene alguna pregunta, podemos responderla a trav\u00e9s de la plataforma de mensajer\u00eda de GetMyBoat antes de pagar. Simplemente haga clic en &quot;Solicitar reserva&quot; y env\u00edenos una consulta para obtener una oferta personalizada.<\/p>","protected":false},"excerpt":{"rendered":"<p>Looking for true and exciting fishing experience? Come and visit us in Nosy Be, Madagascar and we will take you to the most spectacular fishing location in the island aboard our 34&#8242; Semecabinato fishing boat that seats up to 5 people. Rates as low as \u20ac800 per day for trips within 30 miles. Rates include [&hellip;]<\/p>\n","protected":false},"featured_media":14826,"comment_status":"open","ping_status":"closed","template":"","meta":[],"product_brand":[],"product_cat":[100],"product_tag":[],"class_list":{"0":"post-14825","1":"product","2":"type-product","3":"status-publish","4":"has-post-thumbnail","6":"product_cat-madagascar","9":"instock","10":"shipping-taxable","11":"product-type-simple","12":"product-grid-view"},"_links":{"self":[{"href":"https:\/\/yachtsmembership.com\/es\/wp-json\/wp\/v2\/product\/14825","targetHints":{"allow":["GET"]}}],"collection":[{"href":"https:\/\/yachtsmembership.com\/es\/wp-json\/wp\/v2\/product"}],"about":[{"href":"https:\/\/yachtsmembership.com\/es\/wp-json\/wp\/v2\/types\/product"}],"replies":[{"embeddable":true,"href":"https:\/\/yachtsmembership.com\/es\/wp-json\/wp\/v2\/comments?post=14825"}],"wp:featuredmedia":[{"embeddable":true,"href":"https:\/\/yachtsmembership.com\/es\/wp-json\/wp\/v2\/media\/14826"}],"wp:attachment":[{"href":"https:\/\/yachtsmembership.com\/es\/wp-json\/wp\/v2\/media?parent=14825"}],"wp:term":[{"taxonomy":"product_brand","embeddable":true,"href":"https:\/\/yachtsmembership.com\/es\/wp-json\/wp\/v2\/product_brand?post=14825"},{"taxonomy":"product_cat","embeddable":true,"href":"https:\/\/yachtsmembership.com\/es\/wp-json\/wp\/v2\/product_cat?post=14825"},{"taxonomy":"product_tag","embeddable":true,"href":"https:\/\/yachtsmembership.com\/es\/wp-json\/wp\/v2\/product_tag?post=14825"}],"curies":[{"name":"wp","href":"https:\/\/api.w.org\/{rel}","templated":true}]}}