{"id":14890,"date":"2025-05-29T21:29:35","date_gmt":"2025-05-29T21:29:35","guid":{"rendered":"https:\/\/yachtsmembership.com\/?post_type=product&#038;p=14890"},"modified":"2025-05-29T21:29:35","modified_gmt":"2025-05-29T21:29:35","slug":"fishing-boat-rental-in-male-for-chartered-trips","status":"publish","type":"product","link":"https:\/\/yachtsmembership.com\/es\/boats\/fishing-boat-rental-in-male-for-chartered-trips\/","title":{"rendered":"Alquiler de barcos de pesca en Mal\u00e9 para viajes charter"},"content":{"rendered":"<p>Si buscas explorar los mejores peces que estas aguas tienen para ofrecer en las Maldivas, entonces sube a bordo del Silent Hunter y prep\u00e1rate para enfrentarte a Mahi Mahi, Waahoo, una gran variedad de atunes (\u00a1incluyendo el luchador Yellowfin!), pargos rojos, barracudas y muchos m\u00e1s. Probar\u00e1s diversas t\u00e9cnicas para pescar, incluyendo trolling, pesca con l\u00ednea de mano y jigging. Tambi\u00e9n viajar\u00e1s a una isla local y simplemente te divertir\u00e1s con tu familia y amigos. Es una experiencia incre\u00edble para vivir durante tu visita a las Maldivas, sin duda algo que nunca olvidar\u00e1s. Tu barco para el d\u00eda ser\u00e1 una consola central de 35&#039; con motores Yamaha de 500 HP y suficiente espacio para acomodar hasta 6 invitados con 3 miembros de tripulaci\u00f3n, por lo que es ideal para charters privados de familias o amigos. Est\u00e1 equipado con GPS, sonda de pesca, nevera port\u00e1til, ca\u00f1as, carretes y aparejos. Se proporcionar\u00e1n bebidas y refrigerios para todos a bordo. El precio comienza en $450 por hora con una reserva m\u00ednima de 4 horas. Para su comodidad, se incluye un capit\u00e1n. Incluye: \u2022 Bebidas \u2022 Equipo b\u00e1sico de pesca \u2022 Pesca al popping \u2022 Jigging \u2022 Trolling. Si tiene alguna pregunta, podemos responderla a trav\u00e9s de la plataforma de mensajer\u00eda de GetMyBoat antes de pagar. Simplemente haga clic en &quot;Solicitar reserva&quot; y env\u00edenos una consulta para obtener una oferta personalizada.<\/p>","protected":false},"excerpt":{"rendered":"<p>If you\u2019re looking to explore the finest fish these waters have to offer in the Maldives, then come aboard Silent Hunter and get ready to face gills with Mahi Mahi, Waahoo, a huge variety of Tuna (including the hard-fighting Yellowfin!), Red Snapper, Barracuda, and plenty more. You\u2019ll be trying a variety of techniques to reel [&hellip;]<\/p>\n","protected":false},"featured_media":14891,"comment_status":"open","ping_status":"closed","template":"","meta":[],"product_brand":[],"product_cat":[243,244],"product_tag":[],"class_list":{"0":"post-14890","1":"product","2":"type-product","3":"status-publish","4":"has-post-thumbnail","6":"product_cat-maldivas","7":"product_cat-male","10":"instock","11":"shipping-taxable","12":"product-type-simple","13":"product-grid-view"},"_links":{"self":[{"href":"https:\/\/yachtsmembership.com\/es\/wp-json\/wp\/v2\/product\/14890","targetHints":{"allow":["GET"]}}],"collection":[{"href":"https:\/\/yachtsmembership.com\/es\/wp-json\/wp\/v2\/product"}],"about":[{"href":"https:\/\/yachtsmembership.com\/es\/wp-json\/wp\/v2\/types\/product"}],"replies":[{"embeddable":true,"href":"https:\/\/yachtsmembership.com\/es\/wp-json\/wp\/v2\/comments?post=14890"}],"wp:featuredmedia":[{"embeddable":true,"href":"https:\/\/yachtsmembership.com\/es\/wp-json\/wp\/v2\/media\/14891"}],"wp:attachment":[{"href":"https:\/\/yachtsmembership.com\/es\/wp-json\/wp\/v2\/media?parent=14890"}],"wp:term":[{"taxonomy":"product_brand","embeddable":true,"href":"https:\/\/yachtsmembership.com\/es\/wp-json\/wp\/v2\/product_brand?post=14890"},{"taxonomy":"product_cat","embeddable":true,"href":"https:\/\/yachtsmembership.com\/es\/wp-json\/wp\/v2\/product_cat?post=14890"},{"taxonomy":"product_tag","embeddable":true,"href":"https:\/\/yachtsmembership.com\/es\/wp-json\/wp\/v2\/product_tag?post=14890"}],"curies":[{"name":"wp","href":"https:\/\/api.w.org\/{rel}","templated":true}]}}