{"id":15143,"date":"2025-05-29T23:09:32","date_gmt":"2025-05-29T23:09:32","guid":{"rendered":"https:\/\/yachtsmembership.com\/?post_type=product&#038;p=15143"},"modified":"2025-06-10T16:50:23","modified_gmt":"2025-06-10T16:50:23","slug":"smart-motor-cruiser-perfect-for-up-to-12-passengers-near-staines","status":"publish","type":"product","link":"https:\/\/yachtsmembership.com\/es\/boats\/smart-motor-cruiser-perfect-for-up-to-12-passengers-near-staines\/","title":{"rendered":"Crucero a motor inteligente perfecto para hasta 12 pasajeros cerca de Staines"},"content":{"rendered":"<p>The Maxum 3000 SCR is a popular family express whose sporty styling and affordable price offered entry-level boaters a lot of boat for the money. Like all Maxum boats of her era, the 3000 SCR was built on a solid fiberglass hull with moderate beam and integrated transom.<\/p>\n<p>Her midcabin floorplan is arranged in the usual manner with a convertible U-shaped lounge aft and a double berth in the forward stateroom. Both cabins have foldaway accordion privacy doors\u2014a definite improvement over the privacy curtains so often found in other midcabin designs.<\/p>\n<p>Si tiene alguna pregunta, podemos responderla a trav\u00e9s de la plataforma de mensajer\u00eda de GetMyBoat antes de pagar. Simplemente haga clic en &quot;Solicitar reserva&quot; y env\u00edenos una consulta para obtener una oferta personalizada.<\/p>\n<p>Whilst we are unable to always offer the boat advertised due to maintenance, or other reasons we will provide a suitable substitute if booked.<\/p>","protected":false},"excerpt":{"rendered":"<p>The Maxum 3000 SCR is a popular family express whose sporty styling and affordable price offered entry-level boaters a lot of boat for the money. Like all Maxum boats of her era, the 3000 SCR was built on a solid fiberglass hull with moderate beam and integrated transom. Her midcabin floorplan is arranged in the [&hellip;]<\/p>\n","protected":false},"featured_media":15144,"comment_status":"open","ping_status":"closed","template":"","meta":[],"product_brand":[],"product_cat":[341,251],"product_tag":[],"class_list":{"0":"post-15143","1":"product","2":"type-product","3":"status-publish","4":"has-post-thumbnail","6":"product_cat-england","7":"product_cat-reino-unido","10":"instock","11":"shipping-taxable","12":"product-type-simple","13":"product-grid-view"},"_links":{"self":[{"href":"https:\/\/yachtsmembership.com\/es\/wp-json\/wp\/v2\/product\/15143","targetHints":{"allow":["GET"]}}],"collection":[{"href":"https:\/\/yachtsmembership.com\/es\/wp-json\/wp\/v2\/product"}],"about":[{"href":"https:\/\/yachtsmembership.com\/es\/wp-json\/wp\/v2\/types\/product"}],"replies":[{"embeddable":true,"href":"https:\/\/yachtsmembership.com\/es\/wp-json\/wp\/v2\/comments?post=15143"}],"wp:featuredmedia":[{"embeddable":true,"href":"https:\/\/yachtsmembership.com\/es\/wp-json\/wp\/v2\/media\/15144"}],"wp:attachment":[{"href":"https:\/\/yachtsmembership.com\/es\/wp-json\/wp\/v2\/media?parent=15143"}],"wp:term":[{"taxonomy":"product_brand","embeddable":true,"href":"https:\/\/yachtsmembership.com\/es\/wp-json\/wp\/v2\/product_brand?post=15143"},{"taxonomy":"product_cat","embeddable":true,"href":"https:\/\/yachtsmembership.com\/es\/wp-json\/wp\/v2\/product_cat?post=15143"},{"taxonomy":"product_tag","embeddable":true,"href":"https:\/\/yachtsmembership.com\/es\/wp-json\/wp\/v2\/product_tag?post=15143"}],"curies":[{"name":"wp","href":"https:\/\/api.w.org\/{rel}","templated":true}]}}