{"id":15153,"date":"2025-05-29T23:14:33","date_gmt":"2025-05-29T23:14:33","guid":{"rendered":"https:\/\/yachtsmembership.com\/?post_type=product&#038;p=15153"},"modified":"2025-06-10T16:50:03","modified_gmt":"2025-06-10T16:50:03","slug":"sports-cruiser-on-the-river-thames-near-windsor","status":"publish","type":"product","link":"https:\/\/yachtsmembership.com\/es\/boats\/sports-cruiser-on-the-river-thames-near-windsor\/","title":{"rendered":"Crucero deportivo por el r\u00edo T\u00e1mesis, cerca de Windsor"},"content":{"rendered":"<p>Enjoy a One-day cruise on the River Thames Starting from Bray Marina near Windsor.<\/p>\n<p>You can tailor your itinerary to include the sights you wish to see, (examples include downstream to Windsor and Runneymede or upstream to Marlow, passing Cliveden on the way \u2013 approximately a 3.5 hour trip each way).<\/p>\n<p>There are plenty of options to stop for lunch or you can bring your own picnic (or we can arrange one for you at an additional cost)<\/p>\n<p>Bluemoon is a 9m Sports cruiser, fully crewed and can accommodate 6-8 people.<\/p>\n<p>Si tiene alguna pregunta, podemos responderla a trav\u00e9s de la plataforma de mensajer\u00eda de GetMyBoat antes de pagar. Simplemente haga clic en &quot;Solicitar reserva&quot; y env\u00edenos una consulta para obtener una oferta personalizada.<\/p>","protected":false},"excerpt":{"rendered":"<p>Enjoy a One-day cruise on the River Thames Starting from Bray Marina near Windsor. You can tailor your itinerary to include the sights you wish to see, (examples include downstream to Windsor and Runneymede or upstream to Marlow, passing Cliveden on the way \u2013 approximately a 3.5 hour trip each way). There are plenty of [&hellip;]<\/p>\n","protected":false},"featured_media":15154,"comment_status":"open","ping_status":"closed","template":"","meta":[],"product_brand":[],"product_cat":[341,251],"product_tag":[],"class_list":{"0":"post-15153","1":"product","2":"type-product","3":"status-publish","4":"has-post-thumbnail","6":"product_cat-england","7":"product_cat-reino-unido","10":"instock","11":"shipping-taxable","12":"product-type-simple","13":"product-grid-view"},"_links":{"self":[{"href":"https:\/\/yachtsmembership.com\/es\/wp-json\/wp\/v2\/product\/15153","targetHints":{"allow":["GET"]}}],"collection":[{"href":"https:\/\/yachtsmembership.com\/es\/wp-json\/wp\/v2\/product"}],"about":[{"href":"https:\/\/yachtsmembership.com\/es\/wp-json\/wp\/v2\/types\/product"}],"replies":[{"embeddable":true,"href":"https:\/\/yachtsmembership.com\/es\/wp-json\/wp\/v2\/comments?post=15153"}],"wp:featuredmedia":[{"embeddable":true,"href":"https:\/\/yachtsmembership.com\/es\/wp-json\/wp\/v2\/media\/15154"}],"wp:attachment":[{"href":"https:\/\/yachtsmembership.com\/es\/wp-json\/wp\/v2\/media?parent=15153"}],"wp:term":[{"taxonomy":"product_brand","embeddable":true,"href":"https:\/\/yachtsmembership.com\/es\/wp-json\/wp\/v2\/product_brand?post=15153"},{"taxonomy":"product_cat","embeddable":true,"href":"https:\/\/yachtsmembership.com\/es\/wp-json\/wp\/v2\/product_cat?post=15153"},{"taxonomy":"product_tag","embeddable":true,"href":"https:\/\/yachtsmembership.com\/es\/wp-json\/wp\/v2\/product_tag?post=15153"}],"curies":[{"name":"wp","href":"https:\/\/api.w.org\/{rel}","templated":true}]}}