{"id":15180,"date":"2025-05-30T19:08:41","date_gmt":"2025-05-30T19:08:41","guid":{"rendered":"https:\/\/yachtsmembership.com\/?post_type=product&#038;p=15180"},"modified":"2025-06-05T19:08:54","modified_gmt":"2025-06-05T19:08:54","slug":"luxury-46-monohull-sailing-charters-in-fiji-day-trips-overnight-adventures","status":"publish","type":"product","link":"https:\/\/yachtsmembership.com\/es\/boats\/luxury-46-monohull-sailing-charters-in-fiji-day-trips-overnight-adventures\/","title":{"rendered":"Alquiler de monocascos de lujo de 46 pies en Fiyi: excursiones de un d\u00eda y aventuras nocturnas"},"content":{"rendered":"<p>Nuestro velero de 46 pies, dise\u00f1ado y construido por m\u00ed en Nueva Zelanda, est\u00e1 destinado espec\u00edficamente a charters de vela y traves\u00edas ocasionales en alta mar. Fue botado en el a\u00f1o 2000 y se ha mantenido meticulosamente desde entonces. Realiz\u00f3 charters de vela desde BAY OF ISLANDS, NUEVA ZELANDA, durante doce a\u00f1os antes de decidir trasladarse a las aguas tropicales de FIJI. *Caracter\u00edsticas* El c\u00f3modo interior incluye un espacioso sal\u00f3n-comedor, cuatro camarotes separados, uno de ellos doble, y un ba\u00f1o con ducha bien equipado. El entretenimiento a bordo incluye un buen sistema de sonido, DVD\/TV. Las actividades a bordo incluyen equipo de pesca, equipo de snorkel y kayak. Idealmente, atendemos parejas y grupos peque\u00f1os; si es necesario, podemos alojar hasta ocho personas para charters nocturnos o de mayor duraci\u00f3n, mientras que para excursiones de un d\u00eda podemos alojar a quince personas. Podemos recogerles en la zona de Wailoaloa o Denarau. Nuestro itinerario incluye navegar por las hermosas islas Mamanuca y sus alrededores. Nuestros ch\u00e1rteres privados y exclusivos se adaptan a sus necesidades. Todas las comidas se preparan a bordo con productos locales. Para tours exclusivos, podemos adaptarnos a sus necesidades. Esperamos conocerle y compartir el hermoso entorno en el que tenemos el privilegio de trabajar y vivir. RON Y JOTI *Precios* Excursi\u00f3n de un d\u00eda: $55 por hora (m\u00ednimo 8 horas) Noche: $700 por noche. No dude en contactarme para ch\u00e1rteres de mayor duraci\u00f3n y exclusivos. \u00a1Se pueden aplicar descuentos para grupos!<\/p>","protected":false},"excerpt":{"rendered":"<p>Our 46 foot sailing vessel designed and built by myself in New Zealand expressly for sailing charters and occasional offshore passages. She was launched in the year 2000 and has been meticulously maintained ever since. She did sailing charters out of BAY OF ISLANDS, NEW ZEALAND for twelve years before deciding to relocate to the [&hellip;]<\/p>\n","protected":false},"featured_media":15181,"comment_status":"open","ping_status":"closed","template":"","meta":[],"product_brand":[],"product_cat":[119,352],"product_tag":[],"class_list":{"0":"post-15180","1":"product","2":"type-product","3":"status-publish","4":"has-post-thumbnail","6":"product_cat-fiji","7":"product_cat-fiji-fiji","10":"instock","11":"shipping-taxable","12":"product-type-simple","13":"product-grid-view"},"_links":{"self":[{"href":"https:\/\/yachtsmembership.com\/es\/wp-json\/wp\/v2\/product\/15180","targetHints":{"allow":["GET"]}}],"collection":[{"href":"https:\/\/yachtsmembership.com\/es\/wp-json\/wp\/v2\/product"}],"about":[{"href":"https:\/\/yachtsmembership.com\/es\/wp-json\/wp\/v2\/types\/product"}],"replies":[{"embeddable":true,"href":"https:\/\/yachtsmembership.com\/es\/wp-json\/wp\/v2\/comments?post=15180"}],"wp:featuredmedia":[{"embeddable":true,"href":"https:\/\/yachtsmembership.com\/es\/wp-json\/wp\/v2\/media\/15181"}],"wp:attachment":[{"href":"https:\/\/yachtsmembership.com\/es\/wp-json\/wp\/v2\/media?parent=15180"}],"wp:term":[{"taxonomy":"product_brand","embeddable":true,"href":"https:\/\/yachtsmembership.com\/es\/wp-json\/wp\/v2\/product_brand?post=15180"},{"taxonomy":"product_cat","embeddable":true,"href":"https:\/\/yachtsmembership.com\/es\/wp-json\/wp\/v2\/product_cat?post=15180"},{"taxonomy":"product_tag","embeddable":true,"href":"https:\/\/yachtsmembership.com\/es\/wp-json\/wp\/v2\/product_tag?post=15180"}],"curies":[{"name":"wp","href":"https:\/\/api.w.org\/{rel}","templated":true}]}}