{"id":15238,"date":"2025-05-30T19:28:44","date_gmt":"2025-05-30T19:28:44","guid":{"rendered":"https:\/\/yachtsmembership.com\/?post_type=product&#038;p=15238"},"modified":"2025-06-05T19:08:32","modified_gmt":"2025-06-05T19:08:32","slug":"enjoy-fishing-with-this-cuddy-cabin-fishing-charter-for-8-persons-in-nadi-fiji","status":"publish","type":"product","link":"https:\/\/yachtsmembership.com\/es\/boats\/enjoy-fishing-with-this-cuddy-cabin-fishing-charter-for-8-persons-in-nadi-fiji\/","title":{"rendered":"Disfrute de la pesca con este ch\u00e1rter de pesca en cabina Cuddy para 8 personas en Nadi, Fiji"},"content":{"rendered":"<p>\u00a1Disfruta de Nadi, Fiyi, en barco! Pesca en Nadi, Fiyi, en una cabina de pesca por $390 USD durante 4 horas. El barco incluye equipo de pesca y cebo. Precio: \u2013 $390 USD por 4 horas \u2013 $100 USD por hora extra. Dep\u00f3sito: \u2013 $145 USD. Si tienes alguna pregunta, podemos responderla a trav\u00e9s de la plataforma de mensajer\u00eda de GetMyBoat antes de que pagues. Simplemente haz clic en &quot;Solicitar reserva&quot; y env\u00edanos una consulta para obtener una oferta personalizada.<\/p>","protected":false},"excerpt":{"rendered":"<p>Enjoy\u00a0Nadi, Fiji by boat! Go fishing in\u00a0Nadi, Fiji on cuddy cabin for $390 USD for 4 hours.\u00a0Boat comes with fishing gear, and bait. Price: &#8211; $390 USD for 4 hours &#8211; $100 USD per hour for extra hour Deposit: &#8211; $145 USD \u00a0 If you have any questions, we can answer those through GetMyBoat\u2019s messaging [&hellip;]<\/p>\n","protected":false},"featured_media":15239,"comment_status":"open","ping_status":"closed","template":"","meta":[],"product_brand":[],"product_cat":[119,352],"product_tag":[],"class_list":{"0":"post-15238","1":"product","2":"type-product","3":"status-publish","4":"has-post-thumbnail","6":"product_cat-fiji","7":"product_cat-fiji-fiji","10":"instock","11":"shipping-taxable","12":"product-type-simple","13":"product-grid-view"},"_links":{"self":[{"href":"https:\/\/yachtsmembership.com\/es\/wp-json\/wp\/v2\/product\/15238","targetHints":{"allow":["GET"]}}],"collection":[{"href":"https:\/\/yachtsmembership.com\/es\/wp-json\/wp\/v2\/product"}],"about":[{"href":"https:\/\/yachtsmembership.com\/es\/wp-json\/wp\/v2\/types\/product"}],"replies":[{"embeddable":true,"href":"https:\/\/yachtsmembership.com\/es\/wp-json\/wp\/v2\/comments?post=15238"}],"wp:featuredmedia":[{"embeddable":true,"href":"https:\/\/yachtsmembership.com\/es\/wp-json\/wp\/v2\/media\/15239"}],"wp:attachment":[{"href":"https:\/\/yachtsmembership.com\/es\/wp-json\/wp\/v2\/media?parent=15238"}],"wp:term":[{"taxonomy":"product_brand","embeddable":true,"href":"https:\/\/yachtsmembership.com\/es\/wp-json\/wp\/v2\/product_brand?post=15238"},{"taxonomy":"product_cat","embeddable":true,"href":"https:\/\/yachtsmembership.com\/es\/wp-json\/wp\/v2\/product_cat?post=15238"},{"taxonomy":"product_tag","embeddable":true,"href":"https:\/\/yachtsmembership.com\/es\/wp-json\/wp\/v2\/product_tag?post=15238"}],"curies":[{"name":"wp","href":"https:\/\/api.w.org\/{rel}","templated":true}]}}