{"id":15240,"date":"2025-05-30T19:31:37","date_gmt":"2025-05-30T19:31:37","guid":{"rendered":"https:\/\/yachtsmembership.com\/?post_type=product&#038;p=15240"},"modified":"2025-06-05T19:08:14","modified_gmt":"2025-06-05T19:08:14","slug":"nadi-fishing-charters-in-fiji-explore-malolo-waters-with-captain-jo","status":"publish","type":"product","link":"https:\/\/yachtsmembership.com\/es\/boats\/nadi-fishing-charters-in-fiji-explore-malolo-waters-with-captain-jo\/","title":{"rendered":"Charters de pesca en Nadi, Fiyi: explora las aguas de Malolo con el capit\u00e1n Jo"},"content":{"rendered":"<p>\u00a1Sal a pescar con este ch\u00e1rter de pesca para 25 personas, listo para reservar ahora! Desde $390 USD por 4 horas. Descubre la hermosa regi\u00f3n de Nadi, Fiyi, y algunos excelentes lugares para pescar. Ya sea para una salida familiar o con amigos, \u00a1este es el ch\u00e1rter de pesca perfecto para aprender o poner a prueba tus habilidades! Prep\u00e1rate para una experiencia de pesca \u00fanica donde tendr\u00e1s la oportunidad de capturar numerosos tipos de peces. El barco se alquila con capit\u00e1n e incluye cebo y aparejos para tu comodidad. Saldr\u00e1s del puerto deportivo y estar\u00e1s cerca de muchos lugares de f\u00e1cil acceso. Pesca en aguas de Malolo. Pesca local con curric\u00e1n, l\u00ednea de mano e incluso pesca submarina. Pesca a la parrilla o al carb\u00f3n en la playa de la isla de Malolo Lailai. Despu\u00e9s del almuerzo, visitar\u00e1s dos islas antes de pescar de regreso a casa. Qu\u00e9 traer: Equipo de pesca (si tiene), sombrero, gafas de sol, protector solar. Incluye: agua, frutas locales y almuerzo. Ubicaci\u00f3n: Pesca en aguas de Malolo. Precios: $390 USD por 4 horas. $100 USD por hora extra. Dep\u00f3sito: $145 USD. Si tiene alguna pregunta, podemos responderla a trav\u00e9s de la plataforma de mensajer\u00eda de GetMyBoat antes de pagar. Simplemente haga clic en &quot;Solicitar reserva&quot; y env\u00edenos una consulta para obtener una oferta personalizada.<\/p>","protected":false},"excerpt":{"rendered":"<p>Go fishing with this 25 person fishing charter ready to book now! Starting at $390 USD for 4 hours. Discover the gorgeous region of Nadi, Fiji and some great fishing spots. Whether for a family outing or with friends, this is the perfect fishing charter to learn or test out your angling skills! Get ready [&hellip;]<\/p>\n","protected":false},"featured_media":15241,"comment_status":"open","ping_status":"closed","template":"","meta":[],"product_brand":[],"product_cat":[119,352],"product_tag":[],"class_list":{"0":"post-15240","1":"product","2":"type-product","3":"status-publish","4":"has-post-thumbnail","6":"product_cat-fiji","7":"product_cat-fiji-fiji","10":"instock","11":"shipping-taxable","12":"product-type-simple","13":"product-grid-view"},"_links":{"self":[{"href":"https:\/\/yachtsmembership.com\/es\/wp-json\/wp\/v2\/product\/15240","targetHints":{"allow":["GET"]}}],"collection":[{"href":"https:\/\/yachtsmembership.com\/es\/wp-json\/wp\/v2\/product"}],"about":[{"href":"https:\/\/yachtsmembership.com\/es\/wp-json\/wp\/v2\/types\/product"}],"replies":[{"embeddable":true,"href":"https:\/\/yachtsmembership.com\/es\/wp-json\/wp\/v2\/comments?post=15240"}],"wp:featuredmedia":[{"embeddable":true,"href":"https:\/\/yachtsmembership.com\/es\/wp-json\/wp\/v2\/media\/15241"}],"wp:attachment":[{"href":"https:\/\/yachtsmembership.com\/es\/wp-json\/wp\/v2\/media?parent=15240"}],"wp:term":[{"taxonomy":"product_brand","embeddable":true,"href":"https:\/\/yachtsmembership.com\/es\/wp-json\/wp\/v2\/product_brand?post=15240"},{"taxonomy":"product_cat","embeddable":true,"href":"https:\/\/yachtsmembership.com\/es\/wp-json\/wp\/v2\/product_cat?post=15240"},{"taxonomy":"product_tag","embeddable":true,"href":"https:\/\/yachtsmembership.com\/es\/wp-json\/wp\/v2\/product_tag?post=15240"}],"curies":[{"name":"wp","href":"https:\/\/api.w.org\/{rel}","templated":true}]}}