{"id":15303,"date":"2025-05-30T20:03:19","date_gmt":"2025-05-30T20:03:19","guid":{"rendered":"https:\/\/yachtsmembership.com\/?post_type=product&#038;p=15303"},"modified":"2025-05-30T20:03:19","modified_gmt":"2025-05-30T20:03:19","slug":"prestige-47-feet-motor-yacht-for-rent-with-skipper-in-singapore","status":"publish","type":"product","link":"https:\/\/yachtsmembership.com\/es\/boats\/prestige-47-feet-motor-yacht-for-rent-with-skipper-in-singapore\/","title":{"rendered":"Yate a motor de prestigio de 47 pies en alquiler con patr\u00f3n en Singapur."},"content":{"rendered":"<p>Una espaciosa distribuci\u00f3n interior con capacidad para 18 invitados en una cubierta de sal\u00f3n totalmente climatizada y una amplia sala de estar en la cubierta superior. Un estilo atemporal, un hermoso mobiliario y amplios asientos en todas sus zonas de estar crean un ambiente elegante y confortable. Las instalaciones a bordo incluyen camarote con cama, ba\u00f1o con ducha, zona de barbacoa, microondas y TV. Si tiene alguna pregunta, podemos responderla a trav\u00e9s de la plataforma de mensajer\u00eda de GetMyBoat antes de pagar. Simplemente haga clic en &quot;Solicitar reserva&quot; y env\u00edenos una consulta para obtener una oferta personalizada.<\/p>","protected":false},"excerpt":{"rendered":"<p>A spacious interior layout that can sit up to 18 guests in a fully air conditioned saloon deck and spacious lounge area on the top deck. Timeless styling, beautiful furnishings and ample seating feature throughout her living areas to create an elegant and comfortable atmosphere. Onboard facilities include cabin with bed, washroom\/shower room, BBQ pit, [&hellip;]<\/p>\n","protected":false},"featured_media":15304,"comment_status":"open","ping_status":"closed","template":"","meta":[],"product_brand":[],"product_cat":[198],"product_tag":[],"class_list":{"0":"post-15303","1":"product","2":"type-product","3":"status-publish","4":"has-post-thumbnail","6":"product_cat-singapore","9":"instock","10":"shipping-taxable","11":"product-type-simple","12":"product-grid-view"},"_links":{"self":[{"href":"https:\/\/yachtsmembership.com\/es\/wp-json\/wp\/v2\/product\/15303","targetHints":{"allow":["GET"]}}],"collection":[{"href":"https:\/\/yachtsmembership.com\/es\/wp-json\/wp\/v2\/product"}],"about":[{"href":"https:\/\/yachtsmembership.com\/es\/wp-json\/wp\/v2\/types\/product"}],"replies":[{"embeddable":true,"href":"https:\/\/yachtsmembership.com\/es\/wp-json\/wp\/v2\/comments?post=15303"}],"wp:featuredmedia":[{"embeddable":true,"href":"https:\/\/yachtsmembership.com\/es\/wp-json\/wp\/v2\/media\/15304"}],"wp:attachment":[{"href":"https:\/\/yachtsmembership.com\/es\/wp-json\/wp\/v2\/media?parent=15303"}],"wp:term":[{"taxonomy":"product_brand","embeddable":true,"href":"https:\/\/yachtsmembership.com\/es\/wp-json\/wp\/v2\/product_brand?post=15303"},{"taxonomy":"product_cat","embeddable":true,"href":"https:\/\/yachtsmembership.com\/es\/wp-json\/wp\/v2\/product_cat?post=15303"},{"taxonomy":"product_tag","embeddable":true,"href":"https:\/\/yachtsmembership.com\/es\/wp-json\/wp\/v2\/product_tag?post=15303"}],"curies":[{"name":"wp","href":"https:\/\/api.w.org\/{rel}","templated":true}]}}