{"id":15315,"date":"2025-05-30T20:07:45","date_gmt":"2025-05-30T20:07:45","guid":{"rendered":"https:\/\/yachtsmembership.com\/?post_type=product&#038;p=15315"},"modified":"2025-05-30T20:07:45","modified_gmt":"2025-05-30T20:07:45","slug":"sunreef-62-luxury-sailing-catamaran-charter-in-singapore-for-up-to-45-guests","status":"publish","type":"product","link":"https:\/\/yachtsmembership.com\/es\/boats\/sunreef-62-luxury-sailing-catamaran-charter-in-singapore-for-up-to-45-guests\/","title":{"rendered":"Catamar\u00e1n de vela de lujo Sunreef 62 | Alquiler en Singapur para hasta 45 personas"},"content":{"rendered":"<p>El fabuloso yate Sunreef 62, estrenado a finales de 2012, ofrece entretenimiento corporativo y alquiler de eventos corporativos para hasta 45 invitados. El Sunreef 62, el lujoso catamar\u00e1n de vela de 18 metros de Sunreef, tiene capacidad para 45 pasajeros en cruceros diurnos o nocturnos, y para 8 personas en cruceros nocturnos o de larga duraci\u00f3n. El Sunreef 62 cuenta con dos camarotes dobles con ba\u00f1o privado y dos camarotes queen con ba\u00f1o privado, aire acondicionado en todo el interior y est\u00e1 equipado con cocina, frigor\u00edfico-congelador, mesa de sal\u00f3n y equipo de sonido envolvente Harman\/Kardon con TV\/DVD Samsung de pantalla ancha. Ya sea para un crucero de un d\u00eda por Singapur o para un alquiler prolongado para explorar el Sudeste Asi\u00e1tico, el Sunreef 62 es un yate de gran autonom\u00eda, ideal para largas traves\u00edas. \u00a1\u00danase a nosotros para vivir una experiencia n\u00e1utica en Asia! Instalaciones: 4 camarotes dobles con ba\u00f1o privado. Amplio sal\u00f3n con aire acondicionado, red el\u00e1stica en proa y amplio flybridge. Equipado con sistema de sonido Harmon\/Kardon y televisor LCD Samsung de 40 pulgadas. Cocina totalmente equipada con lavavajillas, frigor\u00edfico, congelador, m\u00e1quina de hielo, cocina de gas, horno, microondas y vinoteca. Gran barbacoa de gas disponible. Alquiler m\u00ednimo de 4 horas por d\u00eda. Las tarifas var\u00edan seg\u00fan el d\u00eda y el n\u00famero de invitados. Solicite la lista de precios completa. Si tiene alguna pregunta, podemos responderla a trav\u00e9s de la plataforma de mensajer\u00eda de GetMyBoat antes de pagar. Simplemente haga clic en &quot;Solicitar reserva&quot; y env\u00edenos una consulta para obtener una oferta personalizada.<\/p>","protected":false},"excerpt":{"rendered":"<p>A fabulous new yacht in late 2012, the Sunreef 62 offers corporate entertainment and corporate event yacht charters for up to 45 guests! Sunreef 62, the 62ft luxury sailing catamaran by Sunreef, is able to accommodate up to 45 passengers on day or evening cruises and up to 8 people on overnight or extended cruises.\u00a0Sunreef [&hellip;]<\/p>\n","protected":false},"featured_media":15316,"comment_status":"open","ping_status":"closed","template":"","meta":[],"product_brand":[],"product_cat":[198],"product_tag":[],"class_list":{"0":"post-15315","1":"product","2":"type-product","3":"status-publish","4":"has-post-thumbnail","6":"product_cat-singapore","9":"instock","10":"shipping-taxable","11":"product-type-simple","12":"product-grid-view"},"_links":{"self":[{"href":"https:\/\/yachtsmembership.com\/es\/wp-json\/wp\/v2\/product\/15315","targetHints":{"allow":["GET"]}}],"collection":[{"href":"https:\/\/yachtsmembership.com\/es\/wp-json\/wp\/v2\/product"}],"about":[{"href":"https:\/\/yachtsmembership.com\/es\/wp-json\/wp\/v2\/types\/product"}],"replies":[{"embeddable":true,"href":"https:\/\/yachtsmembership.com\/es\/wp-json\/wp\/v2\/comments?post=15315"}],"wp:featuredmedia":[{"embeddable":true,"href":"https:\/\/yachtsmembership.com\/es\/wp-json\/wp\/v2\/media\/15316"}],"wp:attachment":[{"href":"https:\/\/yachtsmembership.com\/es\/wp-json\/wp\/v2\/media?parent=15315"}],"wp:term":[{"taxonomy":"product_brand","embeddable":true,"href":"https:\/\/yachtsmembership.com\/es\/wp-json\/wp\/v2\/product_brand?post=15315"},{"taxonomy":"product_cat","embeddable":true,"href":"https:\/\/yachtsmembership.com\/es\/wp-json\/wp\/v2\/product_cat?post=15315"},{"taxonomy":"product_tag","embeddable":true,"href":"https:\/\/yachtsmembership.com\/es\/wp-json\/wp\/v2\/product_tag?post=15315"}],"curies":[{"name":"wp","href":"https:\/\/api.w.org\/{rel}","templated":true}]}}