{"id":16032,"date":"2025-06-11T20:12:04","date_gmt":"2025-06-11T20:12:04","guid":{"rendered":"https:\/\/yachtsmembership.com\/?post_type=product&#038;p=16032"},"modified":"2025-06-11T20:12:04","modified_gmt":"2025-06-11T20:12:04","slug":"guided-jet-ski-tour-in-bora-bora-french-polynesia","status":"publish","type":"product","link":"https:\/\/yachtsmembership.com\/es\/boats\/guided-jet-ski-tour-in-bora-bora-french-polynesia\/","title":{"rendered":"Excursi\u00f3n guiada en moto acu\u00e1tica en Bora Bora, Polinesia Francesa"},"content":{"rendered":"<p>Sin duda, una de nuestras actividades m\u00e1s populares en Bora Bora. Tanto si eres principiante como si eres un conductor avanzado de moto acu\u00e1tica, adaptamos el tour a tu nivel y comodidad. Guiado por un profesional, este tour grupal en moto acu\u00e1tica te brindar\u00e1 una experiencia inolvidable durante tu estancia en Bora Bora. \u00a1Sal a disfrutar del mar y deja que tus problemas desaparezcan! Tour guiado grupal en moto acu\u00e1tica, tour p\u00fablico, 2 horas (4 motos acu\u00e1ticas por gu\u00eda): 27 000 XPF o 226 euros por 1 moto acu\u00e1tica para 2 personas. Para moto acu\u00e1tica adicional, a\u00f1ade 24 000 XPF o 201 euros. Tour guiado privado en moto acu\u00e1tica, 2 horas: 54 000 XPF o 453 euros por 1 moto acu\u00e1tica para 2 personas. Para moto acu\u00e1tica adicional, a\u00f1ade 24 000 XPF o 201 euros. Si tienes alguna pregunta, podemos responderla a trav\u00e9s de la plataforma de mensajer\u00eda de GetMyBoat antes de pagar. Simplemente haga clic en \u201cEnviar consulta de reserva\u201d y env\u00edenos una consulta para obtener una oferta personalizada.<\/p>","protected":false},"excerpt":{"rendered":"<p>Certainly one of our most popular activities on Bora Bora!\u00a0Whether you are a beginner or an advanced Jet Ski driver, we adapt the tour to your level and comfort. Guided by a professional, this Jet Ski Group Tour will leave you with the most unforgettable experience during your stay on Bora Bora. Spray up some [&hellip;]<\/p>\n","protected":false},"featured_media":16033,"comment_status":"open","ping_status":"closed","template":"","meta":[],"product_brand":[],"product_cat":[127,124],"product_tag":[],"class_list":{"0":"post-16032","1":"product","2":"type-product","3":"status-publish","4":"has-post-thumbnail","6":"product_cat-bora-bora","7":"product_cat-french-polynesia","10":"instock","11":"shipping-taxable","12":"product-type-simple","13":"product-grid-view"},"_links":{"self":[{"href":"https:\/\/yachtsmembership.com\/es\/wp-json\/wp\/v2\/product\/16032","targetHints":{"allow":["GET"]}}],"collection":[{"href":"https:\/\/yachtsmembership.com\/es\/wp-json\/wp\/v2\/product"}],"about":[{"href":"https:\/\/yachtsmembership.com\/es\/wp-json\/wp\/v2\/types\/product"}],"replies":[{"embeddable":true,"href":"https:\/\/yachtsmembership.com\/es\/wp-json\/wp\/v2\/comments?post=16032"}],"wp:featuredmedia":[{"embeddable":true,"href":"https:\/\/yachtsmembership.com\/es\/wp-json\/wp\/v2\/media\/16033"}],"wp:attachment":[{"href":"https:\/\/yachtsmembership.com\/es\/wp-json\/wp\/v2\/media?parent=16032"}],"wp:term":[{"taxonomy":"product_brand","embeddable":true,"href":"https:\/\/yachtsmembership.com\/es\/wp-json\/wp\/v2\/product_brand?post=16032"},{"taxonomy":"product_cat","embeddable":true,"href":"https:\/\/yachtsmembership.com\/es\/wp-json\/wp\/v2\/product_cat?post=16032"},{"taxonomy":"product_tag","embeddable":true,"href":"https:\/\/yachtsmembership.com\/es\/wp-json\/wp\/v2\/product_tag?post=16032"}],"curies":[{"name":"wp","href":"https:\/\/api.w.org\/{rel}","templated":true}]}}