{"id":16038,"date":"2025-06-11T20:16:17","date_gmt":"2025-06-11T20:16:17","guid":{"rendered":"https:\/\/yachtsmembership.com\/?post_type=product&#038;p=16038"},"modified":"2025-06-11T20:16:18","modified_gmt":"2025-06-11T20:16:18","slug":"charter-55-cruising-catamaran-in-uturoa-french-polynesia","status":"publish","type":"product","link":"https:\/\/yachtsmembership.com\/es\/boats\/charter-55-cruising-catamaran-in-uturoa-french-polynesia\/","title":{"rendered":"Catamar\u00e1n de crucero de 55 pies en alquiler en Uturoa, Polinesia Francesa"},"content":{"rendered":"<p>\u00a1Disfruta de Uturoa, Polinesia Francesa, en barco! Alquila un catamar\u00e1n de crucero \u201cAzuline\u201d de 55 pies para hasta 6 personas. Tarifas desde tan solo 605 \u20ac al d\u00eda. Azuline es un catamar\u00e1n de 16,40 m con forma y dise\u00f1o para una navegaci\u00f3n r\u00e1pida. Gracias a su bajo calado, ofrece acceso a fondeaderos paradis\u00edacos. Su dise\u00f1o y arquitectura optimizados te permitir\u00e1n descubrir las sensaciones de un barco excepcional en el coraz\u00f3n de las lagunas polinesias. Informaci\u00f3n sobre Azuline: \u2013 1 amplia ba\u00f1era \u2013 4 camarotes dobles \u2013 1 ba\u00f1o\/aseo \u2013 1 cocina equipada con frigor\u00edfico\/cocina\/horno y encimera \u2013 1 plaza\/sal\u00f3n \u2013 1 gran trampol\u00edn en la proa \u2013 600 L de agua dulce con desalinizador a bordo \u2013 220 V para cargar ordenador, tel\u00e9fono, c\u00e1maras\u2026 \u2013 Tomas USB en cada camarote para cargar iPod, iPad\u2026 \u2013 El suministro el\u00e9ctrico a bordo se realiza mediante 5 paneles fotovoltaicos y 5 bater\u00edas de servicios. \u2013 2 motores de 20 hp \u2013 Radios de coche y altavoces internos y externos. \u2013 2 tablas de stand up paddle disponibles Precio: \u2013 605 EUR por d\u00eda El precio incluye: \u2013 La ropa de cama \u2013 El agua \u2013 Transporte de ida y vuelta si el puerto de salida es diferente del puerto de llegada \u2013 Dep\u00f3sito de combustible: \u2013 185 EUR<\/p>","protected":false},"excerpt":{"rendered":"<p>Enjoy Uturoa, French Polynesia by boat! Charter a\u00a055&#8242; &#8220;Azuline&#8221; Cruising Catamaran for up to 6 people. Rates as low as\u00a0\u20ac605 EUR per day. Azuline is a 16.40 m catamaran shaped and designed for fast navigation. Thanks to its low draft, Access to heavenly anchorages. Its optimized design and architecture will allow you to discover the [&hellip;]<\/p>\n","protected":false},"featured_media":16039,"comment_status":"open","ping_status":"closed","template":"","meta":[],"product_brand":[],"product_cat":[124,125],"product_tag":[],"class_list":{"0":"post-16038","1":"product","2":"type-product","3":"status-publish","4":"has-post-thumbnail","6":"product_cat-french-polynesia","7":"product_cat-uturoa","10":"instock","11":"shipping-taxable","12":"product-type-simple","13":"product-grid-view"},"_links":{"self":[{"href":"https:\/\/yachtsmembership.com\/es\/wp-json\/wp\/v2\/product\/16038","targetHints":{"allow":["GET"]}}],"collection":[{"href":"https:\/\/yachtsmembership.com\/es\/wp-json\/wp\/v2\/product"}],"about":[{"href":"https:\/\/yachtsmembership.com\/es\/wp-json\/wp\/v2\/types\/product"}],"replies":[{"embeddable":true,"href":"https:\/\/yachtsmembership.com\/es\/wp-json\/wp\/v2\/comments?post=16038"}],"wp:featuredmedia":[{"embeddable":true,"href":"https:\/\/yachtsmembership.com\/es\/wp-json\/wp\/v2\/media\/16039"}],"wp:attachment":[{"href":"https:\/\/yachtsmembership.com\/es\/wp-json\/wp\/v2\/media?parent=16038"}],"wp:term":[{"taxonomy":"product_brand","embeddable":true,"href":"https:\/\/yachtsmembership.com\/es\/wp-json\/wp\/v2\/product_brand?post=16038"},{"taxonomy":"product_cat","embeddable":true,"href":"https:\/\/yachtsmembership.com\/es\/wp-json\/wp\/v2\/product_cat?post=16038"},{"taxonomy":"product_tag","embeddable":true,"href":"https:\/\/yachtsmembership.com\/es\/wp-json\/wp\/v2\/product_tag?post=16038"}],"curies":[{"name":"wp","href":"https:\/\/api.w.org\/{rel}","templated":true}]}}