{"id":7628,"date":"2025-04-16T21:50:25","date_gmt":"2025-04-16T21:50:25","guid":{"rendered":"https:\/\/yachtsmembership.com\/?post_type=product&#038;p=7628"},"modified":"2025-04-17T05:13:58","modified_gmt":"2025-04-17T05:13:58","slug":"precious-tiara-44","status":"publish","type":"product","link":"https:\/\/yachtsmembership.com\/es\/boats\/precious-tiara-44\/","title":{"rendered":"Preciosa tiara 44"},"content":{"rendered":"<p>Este maravilloso yate Tiara 44, espacioso y c\u00f3modo, permite navegar tanto en la proa con su coj\u00edn para recostarse como en la cabina con asientos acolchados y una sombra agradable para disfrutar del paseo. Elegante interior con sillas tapizadas, alfombra, cocina, refrigerador, estufa, ba\u00f1o, camarote, aire acondicionado y equipo de m\u00fasica. Disfrute al m\u00e1ximo de la Bah\u00eda de Banderas.<\/p>\n<p>&nbsp;<\/p>","protected":false},"excerpt":{"rendered":"<p>Este maravilloso yate Tiara 44, espacioso y c\u00f3modo, permite navegar tanto en la proa con su coj\u00edn para recostarse como en la cabina con asientos acolchados y una sombra agradable para disfrutar del paseo. Elegante interior con sillas tapizadas, alfombra, cocina, refrigerador, estufa, ba\u00f1o, camarote, aire acondicionado y equipo de m\u00fasica. Disfrute al m\u00e1ximo de la Bah\u00eda de Banderas.<\/p>\n<p>&nbsp;<\/p>","protected":false},"featured_media":7645,"comment_status":"open","ping_status":"closed","template":"","meta":[],"product_brand":[],"product_cat":[78],"product_tag":[79],"class_list":{"0":"post-7628","1":"product","2":"type-product","3":"status-publish","4":"has-post-thumbnail","6":"product_cat-puerto-vallarta","7":"product_tag-discount-uvc-members-40","10":"instock","11":"sale","12":"shipping-taxable","13":"purchasable","14":"product-type-variable","15":"product-grid-view"},"_links":{"self":[{"href":"https:\/\/yachtsmembership.com\/es\/wp-json\/wp\/v2\/product\/7628","targetHints":{"allow":["GET"]}}],"collection":[{"href":"https:\/\/yachtsmembership.com\/es\/wp-json\/wp\/v2\/product"}],"about":[{"href":"https:\/\/yachtsmembership.com\/es\/wp-json\/wp\/v2\/types\/product"}],"replies":[{"embeddable":true,"href":"https:\/\/yachtsmembership.com\/es\/wp-json\/wp\/v2\/comments?post=7628"}],"wp:featuredmedia":[{"embeddable":true,"href":"https:\/\/yachtsmembership.com\/es\/wp-json\/wp\/v2\/media\/7645"}],"wp:attachment":[{"href":"https:\/\/yachtsmembership.com\/es\/wp-json\/wp\/v2\/media?parent=7628"}],"wp:term":[{"taxonomy":"product_brand","embeddable":true,"href":"https:\/\/yachtsmembership.com\/es\/wp-json\/wp\/v2\/product_brand?post=7628"},{"taxonomy":"product_cat","embeddable":true,"href":"https:\/\/yachtsmembership.com\/es\/wp-json\/wp\/v2\/product_cat?post=7628"},{"taxonomy":"product_tag","embeddable":true,"href":"https:\/\/yachtsmembership.com\/es\/wp-json\/wp\/v2\/product_tag?post=7628"}],"curies":[{"name":"wp","href":"https:\/\/api.w.org\/{rel}","templated":true}]}}