{"id":8068,"date":"2025-04-29T18:58:28","date_gmt":"2025-04-29T18:58:28","guid":{"rendered":"https:\/\/yachtsmembership.com\/?post_type=product&#038;p=8068"},"modified":"2025-04-29T19:15:07","modified_gmt":"2025-04-29T19:15:07","slug":"japan-luxury-yacht-experience-big-group","status":"publish","type":"product","link":"https:\/\/yachtsmembership.com\/es\/boats\/japan-luxury-yacht-experience-big-group\/","title":{"rendered":"Experiencia en un yate de lujo en Jap\u00f3n para grupos grandes"},"content":{"rendered":"<p>\u00a1Organiza tu evento de la mejor manera! Alquila este incre\u00edble barco cl\u00e1sico en Jap\u00f3n. Cu\u00e9ntanos tu petici\u00f3n especial.<\/p>","protected":false},"excerpt":{"rendered":"<p>\u00a1Organiza tu evento de la mejor manera! Alquila este incre\u00edble barco cl\u00e1sico en Jap\u00f3n. Cu\u00e9ntanos tu petici\u00f3n especial.<\/p>","protected":false},"featured_media":8072,"comment_status":"open","ping_status":"closed","template":"","meta":[],"product_brand":[],"product_cat":[105],"product_tag":[81],"class_list":{"0":"post-8068","1":"product","2":"type-product","3":"status-publish","4":"has-post-thumbnail","6":"product_cat-japon","7":"product_tag-discount-uvc-members-20","10":"instock","11":"shipping-taxable","12":"product-type-simple","13":"product-grid-view"},"_links":{"self":[{"href":"https:\/\/yachtsmembership.com\/es\/wp-json\/wp\/v2\/product\/8068","targetHints":{"allow":["GET"]}}],"collection":[{"href":"https:\/\/yachtsmembership.com\/es\/wp-json\/wp\/v2\/product"}],"about":[{"href":"https:\/\/yachtsmembership.com\/es\/wp-json\/wp\/v2\/types\/product"}],"replies":[{"embeddable":true,"href":"https:\/\/yachtsmembership.com\/es\/wp-json\/wp\/v2\/comments?post=8068"}],"wp:featuredmedia":[{"embeddable":true,"href":"https:\/\/yachtsmembership.com\/es\/wp-json\/wp\/v2\/media\/8072"}],"wp:attachment":[{"href":"https:\/\/yachtsmembership.com\/es\/wp-json\/wp\/v2\/media?parent=8068"}],"wp:term":[{"taxonomy":"product_brand","embeddable":true,"href":"https:\/\/yachtsmembership.com\/es\/wp-json\/wp\/v2\/product_brand?post=8068"},{"taxonomy":"product_cat","embeddable":true,"href":"https:\/\/yachtsmembership.com\/es\/wp-json\/wp\/v2\/product_cat?post=8068"},{"taxonomy":"product_tag","embeddable":true,"href":"https:\/\/yachtsmembership.com\/es\/wp-json\/wp\/v2\/product_tag?post=8068"}],"curies":[{"name":"wp","href":"https:\/\/api.w.org\/{rel}","templated":true}]}}