{"id":8833,"date":"2025-05-07T16:19:01","date_gmt":"2025-05-07T16:19:01","guid":{"rendered":"https:\/\/yachtsmembership.com\/?post_type=product&#038;p=8833"},"modified":"2025-05-07T20:28:10","modified_gmt":"2025-05-07T20:28:10","slug":"bora-bora-lagoon-cruise","status":"publish","type":"product","link":"https:\/\/yachtsmembership.com\/es\/boats\/bora-bora-lagoon-cruise\/","title":{"rendered":"Crucero por la laguna de Bora Bora"},"content":{"rendered":"<p>Navegaci\u00f3n al motu Toopua, nataci\u00f3n, snorkel, kayak o stand-up paddle. Crucero al atardecer (seg\u00fan las condiciones meteorol\u00f3gicas).<\/p>","protected":false},"excerpt":{"rendered":"<p>Navegaci\u00f3n al motu Toopua, nataci\u00f3n, snorkel, kayak o stand-up paddle. Crucero al atardecer (seg\u00fan las condiciones meteorol\u00f3gicas).<\/p>","protected":false},"featured_media":8849,"comment_status":"open","ping_status":"closed","template":"","meta":[],"product_brand":[],"product_cat":[127,124,125],"product_tag":[81],"class_list":{"0":"post-8833","1":"product","2":"type-product","3":"status-publish","4":"has-post-thumbnail","6":"product_cat-bora-bora","7":"product_cat-french-polynesia","8":"product_cat-uturoa","9":"product_tag-discount-uvc-members-20","12":"instock","13":"shipping-taxable","14":"product-type-simple","15":"product-grid-view"},"_links":{"self":[{"href":"https:\/\/yachtsmembership.com\/es\/wp-json\/wp\/v2\/product\/8833","targetHints":{"allow":["GET"]}}],"collection":[{"href":"https:\/\/yachtsmembership.com\/es\/wp-json\/wp\/v2\/product"}],"about":[{"href":"https:\/\/yachtsmembership.com\/es\/wp-json\/wp\/v2\/types\/product"}],"replies":[{"embeddable":true,"href":"https:\/\/yachtsmembership.com\/es\/wp-json\/wp\/v2\/comments?post=8833"}],"wp:featuredmedia":[{"embeddable":true,"href":"https:\/\/yachtsmembership.com\/es\/wp-json\/wp\/v2\/media\/8849"}],"wp:attachment":[{"href":"https:\/\/yachtsmembership.com\/es\/wp-json\/wp\/v2\/media?parent=8833"}],"wp:term":[{"taxonomy":"product_brand","embeddable":true,"href":"https:\/\/yachtsmembership.com\/es\/wp-json\/wp\/v2\/product_brand?post=8833"},{"taxonomy":"product_cat","embeddable":true,"href":"https:\/\/yachtsmembership.com\/es\/wp-json\/wp\/v2\/product_cat?post=8833"},{"taxonomy":"product_tag","embeddable":true,"href":"https:\/\/yachtsmembership.com\/es\/wp-json\/wp\/v2\/product_tag?post=8833"}],"curies":[{"name":"wp","href":"https:\/\/api.w.org\/{rel}","templated":true}]}}