{"id":9071,"date":"2025-05-08T01:48:46","date_gmt":"2025-05-08T01:48:46","guid":{"rendered":"https:\/\/yachtsmembership.com\/?post_type=product&#038;p=9071"},"modified":"2025-06-10T17:31:23","modified_gmt":"2025-06-10T17:31:23","slug":"great-for-a-day-at-the-sandbar-2017-hurricane-ss188","status":"publish","type":"product","link":"https:\/\/yachtsmembership.com\/es\/boats\/great-for-a-day-at-the-sandbar-2017-hurricane-ss188\/","title":{"rendered":"\u00a1Ideal para un d\u00eda en el banco de arena! Hurac\u00e1n SS188 2017"},"content":{"rendered":"<p>El dise\u00f1o deportivo del tim\u00f3n permite a cualquiera tomar el control del agua con confianza gracias a su dise\u00f1o intuitivo. La sonda de pesca premium de montaje central hace que cada lance cuente. Viene equipada con altavoces Bluetooth integrados para escuchar tu m\u00fasica favorita, adem\u00e1s de numerosos portavasos por toda la embarcaci\u00f3n.<\/p>","protected":false},"excerpt":{"rendered":"<p>El dise\u00f1o deportivo del tim\u00f3n permite a cualquiera tomar el control del agua con confianza gracias a su dise\u00f1o intuitivo. La sonda de pesca premium de montaje central hace que cada lance cuente. Viene equipada con altavoces Bluetooth integrados para escuchar tu m\u00fasica favorita, adem\u00e1s de numerosos portavasos por toda la embarcaci\u00f3n.<\/p>","protected":false},"featured_media":9072,"comment_status":"open","ping_status":"closed","template":"","meta":[],"product_brand":[],"product_cat":[116,368],"product_tag":[81],"class_list":{"0":"post-9071","1":"product","2":"type-product","3":"status-publish","4":"has-post-thumbnail","6":"product_cat-usa","7":"product_cat-usa-usa","8":"product_tag-discount-uvc-members-20","11":"instock","12":"sale","13":"shipping-taxable","14":"purchasable","15":"product-type-variable","16":"product-grid-view"},"_links":{"self":[{"href":"https:\/\/yachtsmembership.com\/es\/wp-json\/wp\/v2\/product\/9071","targetHints":{"allow":["GET"]}}],"collection":[{"href":"https:\/\/yachtsmembership.com\/es\/wp-json\/wp\/v2\/product"}],"about":[{"href":"https:\/\/yachtsmembership.com\/es\/wp-json\/wp\/v2\/types\/product"}],"replies":[{"embeddable":true,"href":"https:\/\/yachtsmembership.com\/es\/wp-json\/wp\/v2\/comments?post=9071"}],"wp:featuredmedia":[{"embeddable":true,"href":"https:\/\/yachtsmembership.com\/es\/wp-json\/wp\/v2\/media\/9072"}],"wp:attachment":[{"href":"https:\/\/yachtsmembership.com\/es\/wp-json\/wp\/v2\/media?parent=9071"}],"wp:term":[{"taxonomy":"product_brand","embeddable":true,"href":"https:\/\/yachtsmembership.com\/es\/wp-json\/wp\/v2\/product_brand?post=9071"},{"taxonomy":"product_cat","embeddable":true,"href":"https:\/\/yachtsmembership.com\/es\/wp-json\/wp\/v2\/product_cat?post=9071"},{"taxonomy":"product_tag","embeddable":true,"href":"https:\/\/yachtsmembership.com\/es\/wp-json\/wp\/v2\/product_tag?post=9071"}],"curies":[{"name":"wp","href":"https:\/\/api.w.org\/{rel}","templated":true}]}}