{"id":9219,"date":"2025-05-08T20:24:20","date_gmt":"2025-05-08T20:24:20","guid":{"rendered":"https:\/\/yachtsmembership.com\/?post_type=product&#038;p=9219"},"modified":"2025-06-05T23:04:47","modified_gmt":"2025-06-05T23:04:47","slug":"private-boat-tours-from-positano-and-amalfi-coast","status":"publish","type":"product","link":"https:\/\/yachtsmembership.com\/es\/boats\/private-boat-tours-from-positano-and-amalfi-coast\/","title":{"rendered":"Excursiones privadas en barco desde Positano y la costa de Amalfi"},"content":{"rendered":"<p>Zarpa desde cualquier pueblo de la costa para una excursi\u00f3n de un d\u00eda. Puedes visitar la Costa Amalfitana en barco, eligiendo entre excursiones de medio d\u00eda o de d\u00eda completo. Nuestras excursiones organizadas son la mejor opci\u00f3n para los calurosos d\u00edas de verano. Incluyen: visita a los parajes naturales m\u00e1s famosos, barra libre, paradas para nadar, paradas para desembarcar y explorar el centro, equipo de snorkel, flotadores, salvavidas, toallas y ducha a bordo. Descubre c\u00f3mo organizar un d\u00eda inolvidable en el mar. \u00a1Cont\u00e1ctanos y reserva tu excursi\u00f3n privada en barco online!<\/p>","protected":false},"excerpt":{"rendered":"<p>Sail from every town on the coast for a day trip. You can visit the Amalfi Coast by boat choosing between half-day and full-day trips. Our organized excursions are the best solution on hot summer days. They include: visit to the most famous natural sites, open bar, stops to swim, stops to disembark and explore [&hellip;]<\/p>\n","protected":false},"featured_media":9220,"comment_status":"open","ping_status":"closed","template":"","meta":[],"product_brand":[],"product_cat":[358,142],"product_tag":[81],"class_list":{"0":"post-9219","1":"product","2":"type-product","3":"status-publish","4":"has-post-thumbnail","6":"product_cat-italy-italy","7":"product_cat-italy","8":"product_tag-discount-uvc-members-20","11":"instock","12":"sale","13":"shipping-taxable","14":"purchasable","15":"product-type-variable","16":"product-grid-view"},"_links":{"self":[{"href":"https:\/\/yachtsmembership.com\/es\/wp-json\/wp\/v2\/product\/9219","targetHints":{"allow":["GET"]}}],"collection":[{"href":"https:\/\/yachtsmembership.com\/es\/wp-json\/wp\/v2\/product"}],"about":[{"href":"https:\/\/yachtsmembership.com\/es\/wp-json\/wp\/v2\/types\/product"}],"replies":[{"embeddable":true,"href":"https:\/\/yachtsmembership.com\/es\/wp-json\/wp\/v2\/comments?post=9219"}],"wp:featuredmedia":[{"embeddable":true,"href":"https:\/\/yachtsmembership.com\/es\/wp-json\/wp\/v2\/media\/9220"}],"wp:attachment":[{"href":"https:\/\/yachtsmembership.com\/es\/wp-json\/wp\/v2\/media?parent=9219"}],"wp:term":[{"taxonomy":"product_brand","embeddable":true,"href":"https:\/\/yachtsmembership.com\/es\/wp-json\/wp\/v2\/product_brand?post=9219"},{"taxonomy":"product_cat","embeddable":true,"href":"https:\/\/yachtsmembership.com\/es\/wp-json\/wp\/v2\/product_cat?post=9219"},{"taxonomy":"product_tag","embeddable":true,"href":"https:\/\/yachtsmembership.com\/es\/wp-json\/wp\/v2\/product_tag?post=9219"}],"curies":[{"name":"wp","href":"https:\/\/api.w.org\/{rel}","templated":true}]}}