{"id":9453,"date":"2025-05-08T23:31:23","date_gmt":"2025-05-08T23:31:23","guid":{"rendered":"https:\/\/yachtsmembership.com\/?post_type=product&#038;p=9453"},"modified":"2025-05-20T15:38:13","modified_gmt":"2025-05-20T15:38:13","slug":"jamaica-sailing-adventures","status":"publish","type":"product","link":"https:\/\/yachtsmembership.com\/es\/boats\/jamaica-sailing-adventures\/","title":{"rendered":"Aventuras de navegaci\u00f3n en Jamaica"},"content":{"rendered":"<p>Comience su aventura con su grupo privado de familiares y amigos. Los ni\u00f1os tambi\u00e9n son bienvenidos. Explore el arrecife de coral haciendo snorkel o pruebe suerte en la pesca en alta mar. Visite una laguna en el para\u00edso mientras aprende las reglas de la navegaci\u00f3n o si\u00e9ntese, rel\u00e1jese y disfrute el momento. Los precios de un viaje de 4 horas son para 1 a 6 invitados, agregue $95 por cada uno mayor de 6. Para 8 horas, agregue $135 por cada uno mayor de 6. M\u00e1ximo de invitados 15.<\/p>","protected":false},"excerpt":{"rendered":"<p>Start your adventure, with your private group of family and friends.Kids are welcome too.Explore coral reef snorkeling,or try your luck at deepsea fishing.Visit a lagoon in paradise,while learning the ropes of sailing,or sit back,relax and enjoy the moment.Prices 4 hr trip are for 1-6 guests,add $95 for each over 6.For 8hr,add $135 for each over [&hellip;]<\/p>\n","protected":false},"featured_media":9454,"comment_status":"open","ping_status":"closed","template":"","meta":[],"product_brand":[],"product_cat":[140,141],"product_tag":[81],"class_list":{"0":"post-9453","1":"product","2":"type-product","3":"status-publish","4":"has-post-thumbnail","6":"product_cat-jamaica","7":"product_cat-montejo-bay","8":"product_tag-discount-uvc-members-20","11":"instock","12":"sale","13":"shipping-taxable","14":"purchasable","15":"product-type-variable","16":"product-grid-view"},"_links":{"self":[{"href":"https:\/\/yachtsmembership.com\/es\/wp-json\/wp\/v2\/product\/9453","targetHints":{"allow":["GET"]}}],"collection":[{"href":"https:\/\/yachtsmembership.com\/es\/wp-json\/wp\/v2\/product"}],"about":[{"href":"https:\/\/yachtsmembership.com\/es\/wp-json\/wp\/v2\/types\/product"}],"replies":[{"embeddable":true,"href":"https:\/\/yachtsmembership.com\/es\/wp-json\/wp\/v2\/comments?post=9453"}],"wp:featuredmedia":[{"embeddable":true,"href":"https:\/\/yachtsmembership.com\/es\/wp-json\/wp\/v2\/media\/9454"}],"wp:attachment":[{"href":"https:\/\/yachtsmembership.com\/es\/wp-json\/wp\/v2\/media?parent=9453"}],"wp:term":[{"taxonomy":"product_brand","embeddable":true,"href":"https:\/\/yachtsmembership.com\/es\/wp-json\/wp\/v2\/product_brand?post=9453"},{"taxonomy":"product_cat","embeddable":true,"href":"https:\/\/yachtsmembership.com\/es\/wp-json\/wp\/v2\/product_cat?post=9453"},{"taxonomy":"product_tag","embeddable":true,"href":"https:\/\/yachtsmembership.com\/es\/wp-json\/wp\/v2\/product_tag?post=9453"}],"curies":[{"name":"wp","href":"https:\/\/api.w.org\/{rel}","templated":true}]}}