{"id":9541,"date":"2025-05-09T16:00:15","date_gmt":"2025-05-09T16:00:15","guid":{"rendered":"https:\/\/yachtsmembership.com\/?post_type=product&#038;p=9541"},"modified":"2025-06-05T19:13:53","modified_gmt":"2025-06-05T19:13:53","slug":"paris-yacht-1","status":"publish","type":"product","link":"https:\/\/yachtsmembership.com\/es\/boats\/paris-yacht-1\/","title":{"rendered":"Yate de Par\u00eds 1"},"content":{"rendered":"<p>Cruceros privados por el Sena en Par\u00eds. Cruceros con cena para hasta 6 personas y cruceros con cena buffet para hasta 12 personas. Tambi\u00e9n cruceros con champ\u00e1n, propuestas de matrimonio, cumplea\u00f1os...<\/p>","protected":false},"excerpt":{"rendered":"<p>Cruceros privados por el Sena en Par\u00eds. Cruceros con cena para hasta 6 personas y cruceros con cena buffet para hasta 12 personas. Tambi\u00e9n cruceros con champ\u00e1n, propuestas de matrimonio, cumplea\u00f1os...<\/p>","protected":false},"featured_media":9542,"comment_status":"open","ping_status":"closed","template":"","meta":[],"product_brand":[],"product_cat":[135,353],"product_tag":[81],"class_list":{"0":"post-9541","1":"product","2":"type-product","3":"status-publish","4":"has-post-thumbnail","6":"product_cat-france","7":"product_cat-france-france","8":"product_tag-discount-uvc-members-20","11":"instock","12":"shipping-taxable","13":"product-type-variable","14":"product-grid-view"},"_links":{"self":[{"href":"https:\/\/yachtsmembership.com\/es\/wp-json\/wp\/v2\/product\/9541","targetHints":{"allow":["GET"]}}],"collection":[{"href":"https:\/\/yachtsmembership.com\/es\/wp-json\/wp\/v2\/product"}],"about":[{"href":"https:\/\/yachtsmembership.com\/es\/wp-json\/wp\/v2\/types\/product"}],"replies":[{"embeddable":true,"href":"https:\/\/yachtsmembership.com\/es\/wp-json\/wp\/v2\/comments?post=9541"}],"wp:featuredmedia":[{"embeddable":true,"href":"https:\/\/yachtsmembership.com\/es\/wp-json\/wp\/v2\/media\/9542"}],"wp:attachment":[{"href":"https:\/\/yachtsmembership.com\/es\/wp-json\/wp\/v2\/media?parent=9541"}],"wp:term":[{"taxonomy":"product_brand","embeddable":true,"href":"https:\/\/yachtsmembership.com\/es\/wp-json\/wp\/v2\/product_brand?post=9541"},{"taxonomy":"product_cat","embeddable":true,"href":"https:\/\/yachtsmembership.com\/es\/wp-json\/wp\/v2\/product_cat?post=9541"},{"taxonomy":"product_tag","embeddable":true,"href":"https:\/\/yachtsmembership.com\/es\/wp-json\/wp\/v2\/product_tag?post=9541"}],"curies":[{"name":"wp","href":"https:\/\/api.w.org\/{rel}","templated":true}]}}